{"id":146,"date":"2024-05-21T15:24:55","date_gmt":"2024-05-21T13:24:55","guid":{"rendered":"https:\/\/brankaimma.fr\/?page_id=146"},"modified":"2024-05-22T10:08:10","modified_gmt":"2024-05-22T08:08:10","slug":"articles","status":"publish","type":"page","link":"https:\/\/brankaimma.fr\/?page_id=146","title":{"rendered":"Articles"},"content":{"rendered":"\n<p class=\"has-white-color has-text-color has-link-color wp-elements-863c7751c4a9bb0dd53ff2e3ace4b31b\">F\u00e9licitations \u00e0 nos jeunes de la section sportive scolaire du lyc\u00e9e  Victor Hugo de Marseille (en partenariat avec le Bran Kai MMA Provence) pour leurs quatri\u00e8me titre de Champion de FRANCE  de Kick Light (2024-2019-2018-2017)<\/p>\n\n\n\n<p class=\"has-white-color has-text-color has-link-color wp-elements-18754c05b5ebc6db3429f4be41fb0f33\">Bravo aussi \u00e0 nos deux nouveaux arbitres valid\u00e9s JO au niveau National.      (Souston- France)<\/p>\n\n\n\n<figure class=\"wp-block-image size-large\"><img loading=\"lazy\" decoding=\"async\" width=\"768\" height=\"1024\" src=\"https:\/\/brankaimma.fr\/wp-content\/uploads\/2024\/05\/IMG-20240521-WA0000-768x1024.jpg\" alt=\"\" class=\"wp-image-175\" srcset=\"https:\/\/brankaimma.fr\/wp-content\/uploads\/2024\/05\/IMG-20240521-WA0000-768x1024.jpg 768w, https:\/\/brankaimma.fr\/wp-content\/uploads\/2024\/05\/IMG-20240521-WA0000-225x300.jpg 225w, https:\/\/brankaimma.fr\/wp-content\/uploads\/2024\/05\/IMG-20240521-WA0000-1152x1536.jpg 1152w, https:\/\/brankaimma.fr\/wp-content\/uploads\/2024\/05\/IMG-20240521-WA0000.jpg 1536w\" sizes=\"auto, (max-width: 768px) 100vw, 768px\" \/><\/figure>\n\n\n\n<p><\/p>\n\n\n\n<p class=\"has-white-color has-text-color has-link-color wp-elements-439e585be18a4acd9dfabcf33843dbba\">Merci pour La Provence pour cet article r\u00e9alis\u00e9 lors du Forum des Associations de Cadolive<\/p>\n\n\n\n<p><\/p>\n\n\n\n<figure class=\"wp-block-image size-full\"><img loading=\"lazy\" decoding=\"async\" width=\"800\" height=\"600\" src=\"https:\/\/brankaimma.fr\/wp-content\/uploads\/2024\/05\/article-provence-2.jpg\" alt=\"\" class=\"wp-image-147\" srcset=\"https:\/\/brankaimma.fr\/wp-content\/uploads\/2024\/05\/article-provence-2.jpg 800w, https:\/\/brankaimma.fr\/wp-content\/uploads\/2024\/05\/article-provence-2-300x225.jpg 300w, https:\/\/brankaimma.fr\/wp-content\/uploads\/2024\/05\/article-provence-2-768x576.jpg 768w\" sizes=\"auto, (max-width: 800px) 100vw, 800px\" \/><\/figure>\n","protected":false},"excerpt":{"rendered":"<p>F\u00e9licitations \u00e0 nos jeunes de la section sportive scolaire du lyc\u00e9e Victor Hugo de Marseille (en partenariat avec le Bran Kai MMA Provence) pour leurs quatri\u00e8me titre de Champion de FRANCE de Kick Light (2024-2019-2018-2017) Bravo aussi \u00e0 nos deux nouveaux arbitres valid\u00e9s JO au niveau National. (Souston- France) Merci pour La Provence pour cet [&hellip;]<\/p>\n","protected":false},"author":1,"featured_media":0,"parent":0,"menu_order":0,"comment_status":"closed","ping_status":"closed","template":"","meta":{"footnotes":""},"class_list":["post-146","page","type-page","status-publish","hentry"],"_links":{"self":[{"href":"https:\/\/brankaimma.fr\/index.php?rest_route=\/wp\/v2\/pages\/146","targetHints":{"allow":["GET"]}}],"collection":[{"href":"https:\/\/brankaimma.fr\/index.php?rest_route=\/wp\/v2\/pages"}],"about":[{"href":"https:\/\/brankaimma.fr\/index.php?rest_route=\/wp\/v2\/types\/page"}],"author":[{"embeddable":true,"href":"https:\/\/brankaimma.fr\/index.php?rest_route=\/wp\/v2\/users\/1"}],"replies":[{"embeddable":true,"href":"https:\/\/brankaimma.fr\/index.php?rest_route=%2Fwp%2Fv2%2Fcomments&post=146"}],"version-history":[{"count":5,"href":"https:\/\/brankaimma.fr\/index.php?rest_route=\/wp\/v2\/pages\/146\/revisions"}],"predecessor-version":[{"id":179,"href":"https:\/\/brankaimma.fr\/index.php?rest_route=\/wp\/v2\/pages\/146\/revisions\/179"}],"wp:attachment":[{"href":"https:\/\/brankaimma.fr\/index.php?rest_route=%2Fwp%2Fv2%2Fmedia&parent=146"}],"curies":[{"name":"wp","href":"https:\/\/api.w.org\/{rel}","templated":true}]}}