{"id":136,"date":"2024-05-21T15:18:58","date_gmt":"2024-05-21T13:18:58","guid":{"rendered":"https:\/\/brankaimma.fr\/?page_id=136"},"modified":"2024-05-22T10:28:06","modified_gmt":"2024-05-22T08:28:06","slug":"a-propos-2","status":"publish","type":"page","link":"https:\/\/brankaimma.fr\/?page_id=136","title":{"rendered":"\u00c0 propos"},"content":{"rendered":"\n<p class=\"has-white-color has-text-color has-link-color wp-elements-3fe8f25e86987db1f19ae8b40a950f92\" id=\"block-2c1f1277-8ac2-4b29-b7f5-dbea7f82cc93\">Notre Club a pour objet de rassembler et structurer autour d&#8217;une passion commune : le MMA.<\/p>\n\n\n\n<p class=\"has-white-color has-text-color has-link-color wp-elements-399bda1a8719061f80071cb55495162d\" id=\"block-03f1f73b-bd12-4656-a5aa-fa75c7f1443b\">Le MMA (Mixed Martial Arts) est une pratique martiale mixte permettant de combiner toutes les techniques des arts martiaux et des sports de combat afin d&#8217;\u00eatre le plus efficace possible dans une situation r\u00e9elle ou sportive.<\/p>\n\n\n\n<p class=\"has-white-color has-text-color has-link-color wp-elements-fc3432bf0f8755f2c601934484e420ac\" id=\"block-913c778a-bf53-483a-a1dd-233bbd64d414\">Nous t\u00e2chons de perp\u00e9tuer les traditions proven\u00e7ales et locales du moyen-\u00e2ge en faisant rena\u00eetre &#8221; la Brancaille&#8221; (lutte traditionnelle proven\u00e7ale)<\/p>\n\n\n\n<p class=\"has-white-color has-text-color has-link-color wp-elements-c9c559058f39d7b8013efffdc41e2c53\" id=\"block-57972c70-03d7-4bbc-a3df-5893af8dfe92\">Notre d\u00e9marche passe d&#8217;abord par le Plaisir de pratiquer une Passion commune, de la partager, en passant par l&#8217;Education des plus jeunes, les Progr\u00e8s et m\u00eame le Palmar\u00e8s en comp\u00e9tition pour les plus ambitieux. Nous recherchons l&#8217;Epanouissement par la confiance en soi et la ma\u00eetrise des techniques de d\u00e9fense op\u00e9rationnelles en corps \u00e0 corps, l&#8217;atteinte de R\u00e9sultats tous Ensemble\u2026 Ensemble et Libres.<\/p>\n\n\n\n<p class=\"has-white-color has-text-color has-link-color wp-elements-860119205397e7f730edd8442291957e\" id=\"block-d4c2d855-d15b-4c79-a969-2aac3f2d323f\">La devise du club = &#8220;PEPERE&#8221; = Plaisir-Passion-Education-Progr\u00e8s-Palmar\u00e8s-Epanouissement-R\u00e9sultats-Ensemble<\/p>\n\n\n\n<p class=\"has-white-color has-text-color has-link-color wp-elements-a2a84b79e0d994bcd4c6ddbcc30d08f1\" id=\"block-2467a996-3e93-4a8e-a4dd-952a8168327e\">Pr\u00e9paration Physique &#8211; Psychologique &#8211; Technique &#8211; Tactique &#8211; Mental<\/p>\n\n\n\n<p class=\"has-white-color has-text-color has-link-color wp-elements-f4ce5e4a16b586d31d9f12f71acf7a52\" id=\"block-8f49499c-13fe-4e49-ba21-07c0c08414a1\">Public concern\u00e9 = enfants \/ adolescent \/ adultes : Loisir &#8211; Sant\u00e9 &#8211; Self D\u00e9fense &#8211; Comp\u00e9tition<\/p>\n\n\n\n<p><\/p>\n\n\n\n<figure class=\"wp-block-gallery has-nested-images columns-default is-cropped wp-block-gallery-1 is-layout-flex wp-block-gallery-is-layout-flex\">\n<figure class=\"wp-block-image size-large\"><img loading=\"lazy\" decoding=\"async\" width=\"337\" height=\"253\" data-id=\"138\" src=\"https:\/\/brankaimma.fr\/wp-content\/uploads\/2024\/05\/BRANCAILLE-2-1.jpg\" alt=\"\" class=\"wp-image-138\" srcset=\"https:\/\/brankaimma.fr\/wp-content\/uploads\/2024\/05\/BRANCAILLE-2-1.jpg 337w, https:\/\/brankaimma.fr\/wp-content\/uploads\/2024\/05\/BRANCAILLE-2-1-300x225.jpg 300w\" sizes=\"auto, (max-width: 337px) 100vw, 337px\" \/><\/figure>\n\n\n\n<figure class=\"wp-block-image size-large\"><img loading=\"lazy\" decoding=\"async\" width=\"544\" height=\"564\" data-id=\"137\" src=\"https:\/\/brankaimma.fr\/wp-content\/uploads\/2024\/05\/BRANCAILLE-3-1.jpg\" alt=\"\" class=\"wp-image-137\" srcset=\"https:\/\/brankaimma.fr\/wp-content\/uploads\/2024\/05\/BRANCAILLE-3-1.jpg 544w, https:\/\/brankaimma.fr\/wp-content\/uploads\/2024\/05\/BRANCAILLE-3-1-289x300.jpg 289w\" sizes=\"auto, (max-width: 544px) 100vw, 544px\" \/><\/figure>\n\n\n\n<figure class=\"wp-block-image size-large\"><img loading=\"lazy\" decoding=\"async\" width=\"448\" height=\"289\" data-id=\"139\" src=\"https:\/\/brankaimma.fr\/wp-content\/uploads\/2024\/05\/brancaille1-1.jpg\" alt=\"\" class=\"wp-image-139\" srcset=\"https:\/\/brankaimma.fr\/wp-content\/uploads\/2024\/05\/brancaille1-1.jpg 448w, https:\/\/brankaimma.fr\/wp-content\/uploads\/2024\/05\/brancaille1-1-300x194.jpg 300w\" sizes=\"auto, (max-width: 448px) 100vw, 448px\" \/><\/figure>\n<\/figure>\n\n\n\n<p><\/p>\n\n\n\n<p class=\"has-white-color has-text-color has-link-color wp-elements-09b26afa4529698b58e04cea736bdb03\">Nos Coachs :<\/p>\n\n\n\n<div class=\"wp-block-media-text is-stacked-on-mobile\"><figure class=\"wp-block-media-text__media\"><img loading=\"lazy\" decoding=\"async\" width=\"211\" height=\"339\" src=\"https:\/\/brankaimma.fr\/wp-content\/uploads\/2024\/05\/COSTE.jpg\" alt=\"\" class=\"wp-image-161 size-full\" srcset=\"https:\/\/brankaimma.fr\/wp-content\/uploads\/2024\/05\/COSTE.jpg 211w, https:\/\/brankaimma.fr\/wp-content\/uploads\/2024\/05\/COSTE-187x300.jpg 187w\" sizes=\"auto, (max-width: 211px) 100vw, 211px\" \/><\/figure><div class=\"wp-block-media-text__content\">\n<blockquote class=\"wp-block-quote is-layout-flow wp-block-quote-is-layout-flow\">\n<p class=\"has-luminous-vivid-orange-color has-text-color has-link-color wp-elements-23b36efc5ed2692257565fb684db44ee\">COSTE SEBASTIEN<\/p>\n\n\n\n<p><\/p>\n\n\n\n<p class=\"has-white-color has-text-color has-link-color wp-elements-066deb2299f9a7c7226822c5ff263981\">Professeur d&#8217;EPS formateur acad\u00e9mique, responsable de la Section Sportive Scolaire Multiboxe du lyc\u00e9e Victor Hugo de Marseille.<\/p>\n\n\n\n<p class=\"has-white-color has-text-color has-link-color wp-elements-4a5c9e047741e0d663a3d06fb2e54d87\">PALMAR\u00c8S en Arts Martiaux et Sports de Combat, en bref :<\/p>\n\n\n\n<p class=\"has-white-color has-text-color has-link-color wp-elements-39962e42c5cd5c44d4d9b8d54ca75df6\">JUJITSU COMBAT =<br>&#8211; 5 x Champion de France (2009, 10, 11, 13, 14)<br>&#8211; 2 x vainqueur du tournoi international de Paris IdF (2008, 2009)<br>&#8211; 3\u00e8me aux Championnats d&#8217;Europe (2011)<br>KARAT\u00c9 JUTSU =<br>&#8211; 2 x Champion de France (2013, 2015)<br>&#8211; PANCRACE =<br>2 combats pro (mars et juillet 2017)<\/p>\n\n\n\n<p class=\"has-white-color has-text-color has-link-color wp-elements-11013cc2b898a5b4e64d81349a9b6e20\">3) principaux DIPL\u00d4MES d&#8217;enseignement <\/p>\n\n\n\n<p class=\"has-white-color has-text-color has-link-color wp-elements-a059fbd540e125b5c36864ef02dc5046\">&#8211; Licence STAPS Education et Motricit\u00e9 2000<br>&#8211; BEES 1 JUDO-JUJITSU (brevet d&#8217;\u00e9tat FFJDA) 2004<br>&#8211; BMF2 Moniteur PANCRACE (FFKMDA) 2016<br>&#8211; BMF2 Moniteur KICKBOXING (FFKMDA)&nbsp; 2016<br>&#8211; Level 1 MMA Coach IMMAF (CFMMA) 2019<br>&#8211; BMF3 Entra\u00eeneur SPORTS de CONTACTS 2021<br>&#8211; Mitaine Noire de PANCRACE (FFKMDA) 2022<br>&#8211; BMF2 Moniteur MUAY THA\u00cf (FFKMDA) 2022<\/p>\n<\/blockquote>\n<\/div><\/div>\n\n\n\n<p><\/p>\n\n\n\n<div class=\"wp-block-media-text is-stacked-on-mobile\"><figure class=\"wp-block-media-text__media\"><img loading=\"lazy\" decoding=\"async\" width=\"331\" height=\"415\" src=\"https:\/\/brankaimma.fr\/wp-content\/uploads\/2024\/05\/FABIEN.jpg\" alt=\"\" class=\"wp-image-162 size-full\" srcset=\"https:\/\/brankaimma.fr\/wp-content\/uploads\/2024\/05\/FABIEN.jpg 331w, https:\/\/brankaimma.fr\/wp-content\/uploads\/2024\/05\/FABIEN-239x300.jpg 239w\" sizes=\"auto, (max-width: 331px) 100vw, 331px\" \/><\/figure><div class=\"wp-block-media-text__content\">\n<p class=\"has-luminous-vivid-orange-color has-text-color has-link-color wp-elements-697a0004de30816a0991626024f7e61f\">FEDERIGHI FABIEN<\/p>\n\n\n\n<p class=\"has-white-color has-text-color has-link-color wp-elements-3e5105e67f02cbe0e06858ebf9e1a324\">Responsable Suret\u00e9 et S\u00e9curit\u00e9 <\/p>\n\n\n\n<p class=\"has-white-color has-text-color has-link-color wp-elements-b7e1d539bc88089fafdf925a8e1b33b1\">Pratiquant exp\u00e9riment\u00e9 dans divers discipline comme :<\/p>\n\n\n\n<p class=\"has-white-color has-text-color has-link-color wp-elements-2e1a528ae808e80da508ec45f2d85ef6\">Muay thai, Jujitsu, Kung Fu, Self D\u00e9fense<\/p>\n\n\n\n<p class=\"has-white-color has-text-color has-link-color wp-elements-62ce158803de44d5b5e76ea1d501be70\">Brancaille<\/p>\n\n\n\n<p class=\"has-white-color has-text-color has-link-color wp-elements-c645e628e62f8fbab9d9726851472d16\"><\/p>\n\n\n\n<p class=\"has-white-color has-text-color has-link-color wp-elements-3de5250be008c244710e3953d652813a\">Combat Pancrace<\/p>\n<\/div><\/div>\n\n\n\n<p><\/p>\n\n\n\n<p><\/p>\n\n\n\n<p class=\"has-white-color has-text-color has-link-color wp-elements-e6e4fe8b36c80a4803daa858a9133331\">Les Origines : Le Fight Club  2011 (FEDERIGHI.F &#8211; MILLE.JP &#8211; COSTE.S)<\/p>\n\n\n\n<figure class=\"wp-block-gallery has-nested-images columns-default is-cropped wp-block-gallery-2 is-layout-flex wp-block-gallery-is-layout-flex\">\n<figure class=\"wp-block-image size-large\"><img loading=\"lazy\" decoding=\"async\" width=\"603\" height=\"759\" data-id=\"182\" src=\"https:\/\/brankaimma.fr\/wp-content\/uploads\/2024\/05\/67063_625561920793420_1461029084_n.png\" alt=\"\" class=\"wp-image-182\" srcset=\"https:\/\/brankaimma.fr\/wp-content\/uploads\/2024\/05\/67063_625561920793420_1461029084_n.png 603w, https:\/\/brankaimma.fr\/wp-content\/uploads\/2024\/05\/67063_625561920793420_1461029084_n-238x300.png 238w\" sizes=\"auto, (max-width: 603px) 100vw, 603px\" \/><\/figure>\n\n\n\n<figure class=\"wp-block-image size-large\"><img loading=\"lazy\" decoding=\"async\" width=\"960\" height=\"768\" data-id=\"181\" src=\"https:\/\/brankaimma.fr\/wp-content\/uploads\/2024\/05\/481337_625561884126757_1571624785_n.jpg\" alt=\"\" class=\"wp-image-181\" srcset=\"https:\/\/brankaimma.fr\/wp-content\/uploads\/2024\/05\/481337_625561884126757_1571624785_n.jpg 960w, https:\/\/brankaimma.fr\/wp-content\/uploads\/2024\/05\/481337_625561884126757_1571624785_n-300x240.jpg 300w, https:\/\/brankaimma.fr\/wp-content\/uploads\/2024\/05\/481337_625561884126757_1571624785_n-768x614.jpg 768w\" sizes=\"auto, (max-width: 960px) 100vw, 960px\" \/><\/figure>\n\n\n\n<figure class=\"wp-block-image size-large\"><img loading=\"lazy\" decoding=\"async\" width=\"1024\" height=\"1024\" data-id=\"183\" src=\"https:\/\/brankaimma.fr\/wp-content\/uploads\/2024\/05\/966759_662906700392275_295067355_o-1024x1024.jpg\" alt=\"\" class=\"wp-image-183\" srcset=\"https:\/\/brankaimma.fr\/wp-content\/uploads\/2024\/05\/966759_662906700392275_295067355_o-1024x1024.jpg 1024w, https:\/\/brankaimma.fr\/wp-content\/uploads\/2024\/05\/966759_662906700392275_295067355_o-300x300.jpg 300w, https:\/\/brankaimma.fr\/wp-content\/uploads\/2024\/05\/966759_662906700392275_295067355_o-150x150.jpg 150w, https:\/\/brankaimma.fr\/wp-content\/uploads\/2024\/05\/966759_662906700392275_295067355_o-768x768.jpg 768w, https:\/\/brankaimma.fr\/wp-content\/uploads\/2024\/05\/966759_662906700392275_295067355_o-100x100.jpg 100w, https:\/\/brankaimma.fr\/wp-content\/uploads\/2024\/05\/966759_662906700392275_295067355_o.jpg 1537w\" sizes=\"auto, (max-width: 1024px) 100vw, 1024px\" \/><\/figure>\n<\/figure>\n","protected":false},"excerpt":{"rendered":"<p>Notre Club a pour objet de rassembler et structurer autour d&#8217;une passion commune : le MMA. Le MMA (Mixed Martial Arts) est une pratique martiale mixte permettant de combiner toutes les techniques des arts martiaux et des sports de combat afin d&#8217;\u00eatre le plus efficace possible dans une situation r\u00e9elle ou sportive. Nous t\u00e2chons de [&hellip;]<\/p>\n","protected":false},"author":1,"featured_media":0,"parent":0,"menu_order":0,"comment_status":"closed","ping_status":"closed","template":"","meta":{"footnotes":""},"class_list":["post-136","page","type-page","status-publish","hentry"],"_links":{"self":[{"href":"https:\/\/brankaimma.fr\/index.php?rest_route=\/wp\/v2\/pages\/136","targetHints":{"allow":["GET"]}}],"collection":[{"href":"https:\/\/brankaimma.fr\/index.php?rest_route=\/wp\/v2\/pages"}],"about":[{"href":"https:\/\/brankaimma.fr\/index.php?rest_route=\/wp\/v2\/types\/page"}],"author":[{"embeddable":true,"href":"https:\/\/brankaimma.fr\/index.php?rest_route=\/wp\/v2\/users\/1"}],"replies":[{"embeddable":true,"href":"https:\/\/brankaimma.fr\/index.php?rest_route=%2Fwp%2Fv2%2Fcomments&post=136"}],"version-history":[{"count":6,"href":"https:\/\/brankaimma.fr\/index.php?rest_route=\/wp\/v2\/pages\/136\/revisions"}],"predecessor-version":[{"id":184,"href":"https:\/\/brankaimma.fr\/index.php?rest_route=\/wp\/v2\/pages\/136\/revisions\/184"}],"wp:attachment":[{"href":"https:\/\/brankaimma.fr\/index.php?rest_route=%2Fwp%2Fv2%2Fmedia&parent=136"}],"curies":[{"name":"wp","href":"https:\/\/api.w.org\/{rel}","templated":true}]}}